{"id":693,"date":"2024-04-10T18:05:14","date_gmt":"2024-04-10T22:05:14","guid":{"rendered":"https:\/\/first-bolivia.agetic.gob.bo\/?page_id=693"},"modified":"2025-04-30T10:26:20","modified_gmt":"2025-04-30T14:26:20","slug":"eventos","status":"publish","type":"page","link":"https:\/\/first-bolivia.agetic.gob.bo\/index.php\/eventos\/","title":{"rendered":"EVENTOS"},"content":{"rendered":"\n<div class=\"wp-block-uagb-container uagb-block-6077752f alignfull uagb-is-root-container\"><div class=\"uagb-container-inner-blocks-wrap\">\n<figure class=\"wp-block-image aligncenter size-large\"><img loading=\"lazy\" decoding=\"async\" width=\"1024\" height=\"340\" src=\"https:\/\/first-bolivia.agetic.gob.bo\/wp-content\/uploads\/2025\/02\/1231-1-1024x340.png\" alt=\"\" class=\"wp-image-1568\" srcset=\"https:\/\/first-bolivia.agetic.gob.bo\/wp-content\/uploads\/2025\/02\/1231-1-1024x340.png 1024w, https:\/\/first-bolivia.agetic.gob.bo\/wp-content\/uploads\/2025\/02\/1231-1-600x199.png 600w, https:\/\/first-bolivia.agetic.gob.bo\/wp-content\/uploads\/2025\/02\/1231-1-768x255.png 768w, https:\/\/first-bolivia.agetic.gob.bo\/wp-content\/uploads\/2025\/02\/1231-1.png 1233w\" sizes=\"auto, (max-width: 1024px) 100vw, 1024px\" \/><\/figure>\n<\/div><\/div>\n\n\n\n<p><\/p>\n\n\n\n<div class=\"wp-block-uagb-container uagb-block-2bb76b31 alignfull uagb-is-root-container\"><div class=\"uagb-container-inner-blocks-wrap\">\n<style>\n.flip-grid {\n  display: grid;\n  grid-template-columns: repeat(3, 1fr);\n  gap: 30px;\n  max-width: 1200px;\n  margin: auto;\n}\n\n.flip-box {\n  background-color: transparent;\n  width: 100%;\n  height: 350px;\n  perspective: 1000px;\n}\n\n.flip-box-inner {\n  position: relative;\n  width: 100%;\n  height: 100%;\n  transition: transform 0.8s;\n  transform-style: preserve-3d;\n}\n\n.flip-box:hover .flip-box-inner {\n  transform: rotateY(180deg);\n}\n\n.flip-box-front, .flip-box-back {\n  position: absolute;\n  width: 100%;\n  height: 100%;\n  backface-visibility: hidden;\n  border-radius: 10px;\n  overflow: hidden;\n}\n\n.flip-box-front {\n  background-repeat: no-repeat;\n  background-position: center;\n  background-size: contain;\n  background-color: #ffffff;\n}\n\n.flip-box-back {\n  transform: rotateY(180deg);\n}\n\n\/* \u2705 RESPONSIVE - Tablets *\/\n@media (max-width: 900px) {\n  .flip-grid {\n    grid-template-columns: repeat(2, 1fr);\n  }\n}\n\n\/* \u2705 RESPONSIVE - Celulares *\/\n@media (max-width: 600px) {\n  .flip-grid {\n    grid-template-columns: 1fr;\n    gap: 20px;\n  }\n\n  .flip-box {\n    height: 300px; \/* o menos si quieres m\u00e1s compacto *\/\n  }\n}\n<\/style>\n\n\n<div class=\"flip-grid\">\n<!-- ORURO - EXPOTECO - Campo Ferial 3 de Julio (marcador exacto) -->\n<div class=\"flip-box\">\n  <div class=\"flip-box-inner\">\n    <div class=\"flip-box-front\" style=\"background-image: url('https:\/\/first-bolivia.agetic.gob.bo\/wp-content\/uploads\/2025\/04\/ORUR.png');\"><\/div>\n    <div class=\"flip-box-back\">\n      <iframe \n        src=\"https:\/\/www.google.com\/maps\/embed?pb=!1m18!1m12!1m3!1d15251.84027622025!2d-67.1380981!3d-17.9865361!2m3!1f0!2f0!3f0!3m2!1i1024!2i768!4f13.1!3m3!1m2!1s0x93e2b0f692608617%3A0x66cd5bfb73e86bd8!2sEXPOTECO%20-%20Campo%20Ferial%203%20de%20Julio!5e0!3m2!1ses-419!2sbo!4v1713884173611!5m2!1ses-419!2sbo\" \n        width=\"100%\" \n        height=\"100%\" \n        style=\"border:0;\" \n        allowfullscreen=\"\" \n        loading=\"lazy\">\n      <\/iframe>\n    <\/div>\n  <\/div>\n<\/div>\n\n\n\n<!-- LA PAZ -->\n<div class=\"flip-box\">\n  <div class=\"flip-box-inner\">\n    <div class=\"flip-box-front\" style=\"background-image: url('https:\/\/first-bolivia.agetic.gob.bo\/wp-content\/uploads\/2025\/04\/LA-PAZ.png');\"><\/div>\n    <div class=\"flip-box-back\">\n      <iframe src=\"https:\/\/www.google.com\/maps?q=-16.50449,-68.1299&#038;hl=es&#038;z=17&#038;output=embed\" width=\"100%\" height=\"100%\" style=\"border:0;\" allowfullscreen=\"\" loading=\"lazy\"><\/iframe>\n    <\/div>\n  <\/div>\n<\/div>\n\n<!-- POTOS\u00cd - Coliseo Universitario Tom\u00e1s Fr\u00edas (marcador exacto) -->\n<div class=\"flip-box\">\n  <div class=\"flip-box-inner\">\n    <div class=\"flip-box-front\" style=\"background-image: url('https:\/\/first-bolivia.agetic.gob.bo\/wp-content\/uploads\/2025\/04\/POTOSI.png');\"><\/div>\n    <div class=\"flip-box-back\">\n      <iframe \n        src=\"https:\/\/www.google.com\/maps\/embed?pb=!1m18!1m12!1m3!1d3805.3856288030443!2d-65.7602663!3d-19.5707022!2m3!1f0!2f0!3f0!3m2!1i1024!2i768!4f13.1!3m3!1m2!1s0x93f94fa6ff130b7f%3A0xa7e6ebb02f939773!2sColiseo%20UATF!5e0!3m2!1ses-419!2sbo!4v1713384170000\" width=\"100%\" height=\"100%\" style=\"border:0;\" allowfullscreen=\"\" loading=\"lazy\">\n      <\/iframe>\n    <\/div>\n  <\/div>\n<\/div>\n\n\n<!-- COCHABAMBA - UMSS -->\n<div class=\"flip-box\">\n  <div class=\"flip-box-inner\">\n    <div class=\"flip-box-front\" style=\"background-image: url('https:\/\/first-bolivia.agetic.gob.bo\/wp-content\/uploads\/2025\/04\/COCHABAMBA.png');\"><\/div>\n    <div class=\"flip-box-back\">\n      <iframe \n        src=\"https:\/\/www.google.com\/maps\/embed?pb=!1m18!1m12!1m3!1d3806.143348361603!2d-66.1517118!3d-17.3912727!2m3!1f0!2f0!3f0!3m2!1i1024!2i768!4f13.1!3m3!1m2!1s0x93e373fef347572b%3A0xc642d3fd93a6f7d2!2sUniversidad%20Mayor%20de%20San%20Sim%C3%B3n!5e0!3m2!1ses-419!2sbo!4v1713360000000\" \n        width=\"100%\" height=\"100%\" style=\"border:0;\" allowfullscreen=\"\" loading=\"lazy\" \n        referrerpolicy=\"no-referrer-when-downgrade\">\n      <\/iframe>\n    <\/div>\n  <\/div>\n<\/div>\n\n\n<!-- SUCRE - Facultad de Ciencias de la Tecnolog\u00eda - USFX -->\n<div class=\"flip-box\">\n  <div class=\"flip-box-inner\">\n    <div class=\"flip-box-front\" style=\"background-image: url('https:\/\/first-bolivia.agetic.gob.bo\/wp-content\/uploads\/2025\/04\/SUCR.png');\"><\/div>\n    <div class=\"flip-box-back\">\n      <iframe \n        src=\"https:\/\/www.google.com\/maps\/embed?pb=!1m18!1m12!1m3!1d3794.450327859555!2d-65.2569656!3d-19.0398235!2m3!1f0!2f0!3f0!3m2!1i1024!2i768!4f13.1!3m3!1m2!1s0x93fbc8cb45fea465%3A0x9859ca07b2335e29!2sFacultad%20de%20Ciencias%20de%20la%20Tecnolog%C3%ADa%20-%20USFX!5e0!3m2!1ses-419!2sbo!4v1714497991374!5m2!1ses-419!2sbo\" \n        width=\"100%\" \n        height=\"100%\" \n        style=\"border:0;\" \n        allowfullscreen=\"\" \n        loading=\"lazy\">\n      <\/iframe>\n    <\/div>\n  <\/div>\n<\/div>\n\n   <!-- PANDO -->\n  <div class=\"flip-box\">\n    <div class=\"flip-box-inner\">\n      <div class=\"flip-box-front\" style=\"background-image: url('https:\/\/first-bolivia.agetic.gob.bo\/wp-content\/uploads\/2025\/04\/PAND.png');\"><\/div>\n      <div class=\"flip-box-back\">\n        <iframe src=\"https:\/\/www.google.com\/maps?q=Universidad+Amazonica+de+Pando&#038;output=embed\" width=\"100%\" height=\"100%\" style=\"border:0;\" allowfullscreen=\"\" loading=\"lazy\"><\/iframe>\n      <\/div>\n    <\/div>\n  <\/div>\n\n\n \n\n  <!-- TARIJA -->\n  <div class=\"flip-box\">\n    <div class=\"flip-box-inner\">\n      <div class=\"flip-box-front\" style=\"background-image: url('https:\/\/first-bolivia.agetic.gob.bo\/wp-content\/uploads\/2025\/04\/TARIJA.png');\"><\/div>\n      <div class=\"flip-box-back\">\n        <iframe src=\"https:\/\/www.google.com\/maps?q=Universidad+Aut\u00f3noma+Juan+Misael+Saracho+Tarija&#038;output=embed\" width=\"100%\" height=\"100%\" style=\"border:0;\" allowfullscreen=\"\" loading=\"lazy\"><\/iframe>\n      <\/div>\n    <\/div>\n  <\/div>\n\n\n<!-- BENI - Facultad de Ciencias Jur\u00eddicas, Pol\u00edticas y Sociales -->\n<div class=\"flip-box\">\n  <div class=\"flip-box-inner\">\n    <div class=\"flip-box-front\" style=\"background-image: url('https:\/\/first-bolivia.agetic.gob.bo\/wp-content\/uploads\/2025\/04\/BE.png');\"><\/div>\n    <div class=\"flip-box-back\">\n      <iframe \n        src=\"https:\/\/www.google.com\/maps\/embed?pb=!1m18!1m12!1m3!1d3973.6240057588015!2d-64.9136131!3d-14.8330324!2m3!1f0!2f0!3f0!3m2!1i1024!2i768!4f13.1!3m3!1m2!1s0x93dd71cb394d8787%3A0xff4b117799fe6f92!2sFacultad%20de%20Ciencias%20Jur%C3%ADdicas%2C%20Pol%C3%ADticas%20y%20Sociales!5e0!3m2!1ses-419!2sbo!4v1714498086471!5m2!1ses-419!2sbo\" \n        width=\"100%\" \n        height=\"100%\" \n        style=\"border:0;\" \n        allowfullscreen=\"\" \n        loading=\"lazy\">\n      <\/iframe>\n    <\/div>\n  <\/div>\n<\/div>\n\n\n  <!-- SANTA CRUZ -->\n  <div class=\"flip-box\">\n    <div class=\"flip-box-inner\">\n      <div class=\"flip-box-front\" style=\"background-image: url('https:\/\/first-bolivia.agetic.gob.bo\/wp-content\/uploads\/2025\/04\/SANTA-CRUZ.png');\"><\/div>\n      <div class=\"flip-box-back\">\n        <iframe src=\"https:\/\/www.google.com\/maps?q=UTEPSA+Santa+Cruz&#038;output=embed\" width=\"100%\" height=\"100%\" style=\"border:0;\" allowfullscreen=\"\" loading=\"lazy\"><\/iframe>\n      <\/div>\n    <\/div>\n  <\/div>\n\n<\/div>\n<\/div><\/div>\n\n\n\n<p><\/p>\n","protected":false},"excerpt":{"rendered":"","protected":false},"author":1,"featured_media":0,"parent":0,"menu_order":0,"comment_status":"closed","ping_status":"closed","template":"","meta":{"_uag_custom_page_level_css":"","site-sidebar-layout":"default","site-content-layout":"","ast-site-content-layout":"","site-content-style":"default","site-sidebar-style":"default","ast-global-header-display":"","ast-banner-title-visibility":"","ast-main-header-display":"","ast-hfb-above-header-display":"","ast-hfb-below-header-display":"","ast-hfb-mobile-header-display":"","site-post-title":"disabled","ast-breadcrumbs-content":"","ast-featured-img":"","footer-sml-layout":"","theme-transparent-header-meta":"","adv-header-id-meta":"","stick-header-meta":"","header-above-stick-meta":"","header-main-stick-meta":"","header-below-stick-meta":"","astra-migrate-meta-layouts":"default","ast-page-background-enabled":"default","ast-page-background-meta":{"desktop":{"background-color":"var(--ast-global-color-4)","background-image":"","background-repeat":"repeat","background-position":"center center","background-size":"auto","background-attachment":"scroll","background-type":"","background-media":"","overlay-type":"","overlay-color":"","overlay-gradient":""},"tablet":{"background-color":"","background-image":"","background-repeat":"repeat","background-position":"center center","background-size":"auto","background-attachment":"scroll","background-type":"","background-media":"","overlay-type":"","overlay-color":"","overlay-gradient":""},"mobile":{"background-color":"","background-image":"","background-repeat":"repeat","background-position":"center center","background-size":"auto","background-attachment":"scroll","background-type":"","background-media":"","overlay-type":"","overlay-color":"","overlay-gradient":""}},"ast-content-background-meta":{"desktop":{"background-color":"var(--ast-global-color-5)","background-image":"","background-repeat":"repeat","background-position":"center center","background-size":"auto","background-attachment":"scroll","background-type":"","background-media":"","overlay-type":"","overlay-color":"","overlay-gradient":""},"tablet":{"background-color":"var(--ast-global-color-5)","background-image":"","background-repeat":"repeat","background-position":"center center","background-size":"auto","background-attachment":"scroll","background-type":"","background-media":"","overlay-type":"","overlay-color":"","overlay-gradient":""},"mobile":{"background-color":"var(--ast-global-color-5)","background-image":"","background-repeat":"repeat","background-position":"center center","background-size":"auto","background-attachment":"scroll","background-type":"","background-media":"","overlay-type":"","overlay-color":"","overlay-gradient":""}},"footnotes":""},"class_list":["post-693","page","type-page","status-publish","hentry"],"uagb_featured_image_src":{"full":false,"thumbnail":false,"medium":false,"medium_large":false,"large":false,"1536x1536":false,"2048x2048":false},"uagb_author_info":{"display_name":"cesar.huanca","author_link":"https:\/\/first-bolivia.agetic.gob.bo\/index.php\/author\/cesar-huanca\/"},"uagb_comment_info":0,"uagb_excerpt":null,"_links":{"self":[{"href":"https:\/\/first-bolivia.agetic.gob.bo\/index.php\/wp-json\/wp\/v2\/pages\/693","targetHints":{"allow":["GET"]}}],"collection":[{"href":"https:\/\/first-bolivia.agetic.gob.bo\/index.php\/wp-json\/wp\/v2\/pages"}],"about":[{"href":"https:\/\/first-bolivia.agetic.gob.bo\/index.php\/wp-json\/wp\/v2\/types\/page"}],"author":[{"embeddable":true,"href":"https:\/\/first-bolivia.agetic.gob.bo\/index.php\/wp-json\/wp\/v2\/users\/1"}],"replies":[{"embeddable":true,"href":"https:\/\/first-bolivia.agetic.gob.bo\/index.php\/wp-json\/wp\/v2\/comments?post=693"}],"version-history":[{"count":57,"href":"https:\/\/first-bolivia.agetic.gob.bo\/index.php\/wp-json\/wp\/v2\/pages\/693\/revisions"}],"predecessor-version":[{"id":1712,"href":"https:\/\/first-bolivia.agetic.gob.bo\/index.php\/wp-json\/wp\/v2\/pages\/693\/revisions\/1712"}],"wp:attachment":[{"href":"https:\/\/first-bolivia.agetic.gob.bo\/index.php\/wp-json\/wp\/v2\/media?parent=693"}],"curies":[{"name":"wp","href":"https:\/\/api.w.org\/{rel}","templated":true}]}}