{"id":36,"date":"2024-04-02T12:22:45","date_gmt":"2024-04-02T16:22:45","guid":{"rendered":"https:\/\/first-bolivia.agetic.gob.bo\/?page_id=36"},"modified":"2025-02-18T11:38:21","modified_gmt":"2025-02-18T15:38:21","slug":"inscripciones","status":"publish","type":"page","link":"https:\/\/first-bolivia.agetic.gob.bo\/index.php\/inscripciones\/","title":{"rendered":"INSCRIPCIONES"},"content":{"rendered":"\n<div class=\"wp-block-uagb-container uagb-block-a329388a alignfull uagb-is-root-container\"><div class=\"uagb-container-inner-blocks-wrap\">\n<figure class=\"wp-block-image aligncenter size-large\"><img loading=\"lazy\" decoding=\"async\" width=\"1024\" height=\"340\" src=\"https:\/\/first-bolivia.agetic.gob.bo\/wp-content\/uploads\/2025\/02\/1234-1024x340.png\" alt=\"\" class=\"wp-image-1556\" srcset=\"https:\/\/first-bolivia.agetic.gob.bo\/wp-content\/uploads\/2025\/02\/1234-1024x340.png 1024w, https:\/\/first-bolivia.agetic.gob.bo\/wp-content\/uploads\/2025\/02\/1234-600x199.png 600w, https:\/\/first-bolivia.agetic.gob.bo\/wp-content\/uploads\/2025\/02\/1234-768x255.png 768w, https:\/\/first-bolivia.agetic.gob.bo\/wp-content\/uploads\/2025\/02\/1234.png 1233w\" sizes=\"auto, (max-width: 1024px) 100vw, 1024px\" \/><\/figure>\n<\/div><\/div>\n\n\n\n<div class=\"wp-block-columns is-layout-flex wp-container-core-columns-is-layout-28f84493 wp-block-columns-is-layout-flex\">\n<div class=\"wp-block-column has-border-color is-layout-flow wp-block-column-is-layout-flow\" style=\"border-color:#e62160\">\n<p class=\"has-text-align-center has-medium-font-size\"><strong>Inscripci\u00f3n para Tecn\u00f3logos Disruptivos<\/strong><\/p>\n\n\n\n<hr class=\"wp-block-separator has-text-color has-alpha-channel-opacity has-background is-style-wide\" style=\"background-color:#e62160;color:#e62160\"\/>\n\n\n\n<div class=\"wp-block-columns is-layout-flex wp-container-core-columns-is-layout-28f84493 wp-block-columns-is-layout-flex\">\n<div class=\"wp-block-column is-layout-flow wp-block-column-is-layout-flow\" style=\"padding-right:var(--wp--preset--spacing--30);padding-left:var(--wp--preset--spacing--30);flex-basis:100%\">\n<p class=\"has-text-align-center\" style=\"margin-right:0;margin-left:0\">Una vez conformado el equipo por tres estudiantes (m\u00ednimamente una mujer) y un tutor, se deben seguir los siguientes pasos.<\/p>\n\n\n\n<p class=\"has-text-align-center has-text-color has-link-color wp-elements-fa166b23caf48c5192fc4c5a07c27675\" style=\"color:#e62160\"><strong>1er PASO:<\/strong><\/p>\n\n\n\n<ul class=\"wp-block-list\">\n<li>Descargar e imprimir la Carta de Convenio y Aceptaci\u00f3n, haciendo clic en el siguiente icono.<\/li>\n<\/ul>\n\n\n\n<figure class=\"wp-block-image aligncenter size-full is-resized wp-duotone-unset-1\"><a href=\"https:\/\/first-bolivia.agetic.gob.bo\/wp-content\/uploads\/2025\/02\/Tecnologos-Convenio-y-Carta-de-Aceptacion-Departamental.docx.pdf\"><img loading=\"lazy\" decoding=\"async\" width=\"512\" height=\"512\" src=\"https:\/\/first-bolivia.agetic.gob.bo\/wp-content\/uploads\/2025\/02\/document.png\" alt=\"\" class=\"wp-image-1511\" style=\"width:50px\" srcset=\"https:\/\/first-bolivia.agetic.gob.bo\/wp-content\/uploads\/2025\/02\/document.png 512w, https:\/\/first-bolivia.agetic.gob.bo\/wp-content\/uploads\/2025\/02\/document-300x300.png 300w\" sizes=\"auto, (max-width: 512px) 100vw, 512px\" \/><\/a><\/figure>\n\n\n\n<ul class=\"wp-block-list\">\n<li>Llenar la Carta de Convenio y Aceptaci\u00f3n con los datos de las personas correspondientes.<\/li>\n\n\n\n<li>Escanear la Carta de Convenio y Aceptaci\u00f3n en formato PDF una vez llenado el documento (se recomienda usar la app CamScanner).<\/li>\n<\/ul>\n\n\n\n<hr class=\"wp-block-separator has-text-color has-alpha-channel-opacity has-background is-style-wide\" style=\"background-color:#e62160;color:#e62160\"\/>\n<\/div>\n<\/div>\n\n\n\n<div class=\"wp-block-columns is-layout-flex wp-container-core-columns-is-layout-1a2ddb66 wp-block-columns-is-layout-flex\" style=\"padding-right:var(--wp--preset--spacing--30);padding-left:var(--wp--preset--spacing--30)\">\n<div class=\"wp-block-column is-layout-flow wp-block-column-is-layout-flow\" style=\"padding-right:0;padding-left:0\">\n<p class=\"has-text-align-center has-text-color has-link-color wp-elements-1129e2ae328d414c55a94e4c7ff0f47d\" style=\"color:#e62160\"><strong>2do PASO:<\/strong><\/p>\n\n\n\n<ul class=\"wp-block-list\">\n<li>Descargar e imprimir la Carta de Acreditaci\u00f3n, haciendo clic en el siguiente icono:<\/li>\n<\/ul>\n\n\n\n<figure class=\"wp-block-image aligncenter size-full is-resized wp-duotone-unset-2\"><a href=\"https:\/\/first-bolivia.agetic.gob.bo\/wp-content\/uploads\/2025\/02\/CARTA-DIRECTOR-COLEGIO-8vo-TORNEO.docx.pdf\"><img loading=\"lazy\" decoding=\"async\" width=\"512\" height=\"512\" src=\"https:\/\/first-bolivia.agetic.gob.bo\/wp-content\/uploads\/2025\/02\/document.png\" alt=\"\" class=\"wp-image-1511\" style=\"width:50px\" srcset=\"https:\/\/first-bolivia.agetic.gob.bo\/wp-content\/uploads\/2025\/02\/document.png 512w, https:\/\/first-bolivia.agetic.gob.bo\/wp-content\/uploads\/2025\/02\/document-300x300.png 300w\" sizes=\"auto, (max-width: 512px) 100vw, 512px\" \/><\/a><\/figure>\n\n\n\n<ul class=\"wp-block-list\">\n<li>Cada estudiante de manera individual debe hacer llenar la carta de acreditaci\u00f3n por parte del director de la unidad educativa a la que pertenece.<\/li>\n\n\n\n<li>Escanear las Cartas de Acreditaci\u00f3n en formato PDF una vez llenados los documentos (se recomienda usar la app CamScanner).<\/li>\n<\/ul>\n\n\n\n<hr class=\"wp-block-separator has-text-color has-alpha-channel-opacity has-background is-style-wide\" style=\"background-color:#e62160;color:#e62160\"\/>\n<\/div>\n<\/div>\n\n\n\n<div class=\"wp-block-columns is-layout-flex wp-container-core-columns-is-layout-1a2ddb66 wp-block-columns-is-layout-flex\" style=\"padding-right:var(--wp--preset--spacing--30);padding-left:var(--wp--preset--spacing--30)\">\n<div class=\"wp-block-column is-layout-flow wp-block-column-is-layout-flow\">\n<div class=\"wp-block-columns is-layout-flex wp-container-core-columns-is-layout-28f84493 wp-block-columns-is-layout-flex\">\n<div class=\"wp-block-column is-layout-flow wp-block-column-is-layout-flow\" style=\"flex-basis:100%\">\n<p class=\"has-text-align-center has-text-color has-link-color wp-elements-6d624790f5f209fee44bd6687ef1fde6\" style=\"color:#e62160\"><strong>3er PASO:<\/strong><\/p>\n<\/div>\n<\/div>\n\n\n\n<ul class=\"wp-block-list\">\n<li>Llenar el formulario de inscripci\u00f3n, en este formulario se deben subir los documentos escaneados (1 Carta de Convenio-Aceptaci\u00f3n y 1 Carta de Acreditaci\u00f3n).<\/li>\n\n\n\n<li>La carta de acreditaci\u00f3n se puede presentar tambi\u00e9n hasta el d\u00eda del reto en el departamento correspondiente <\/li>\n<\/ul>\n\n\n\n<div class=\"wp-block-buttons alignwide is-content-justification-center is-layout-flex wp-container-core-buttons-is-layout-a89b3969 wp-block-buttons-is-layout-flex\">\n<div class=\"wp-block-button is-style-outline is-style-outline--3\"><a class=\"wp-block-button__link has-black-color has-ast-global-color-5-background-color has-text-color has-background has-link-color wp-element-button\" href=\"https:\/\/formix.bo\/form\/inscripciones-tecnologos\" style=\"border-width:5px;border-radius:0px\">IR AL FORMULARIO<\/a><\/div>\n<\/div>\n\n\n\n<div style=\"height:10px\" aria-hidden=\"true\" class=\"wp-block-spacer\"><\/div>\n<\/div>\n<\/div>\n<\/div>\n\n\n\n<div class=\"wp-block-column is-layout-flow wp-block-column-is-layout-flow\" style=\"flex-basis:50px\"><\/div>\n\n\n\n<div class=\"wp-block-column has-border-color is-layout-flow wp-block-column-is-layout-flow\" style=\"border-color:#e62160\">\n<p class=\"has-text-align-center has-medium-font-size\"><strong>Inscripci\u00f3n para Inventores Disruptivos<\/strong><\/p>\n\n\n\n<hr class=\"wp-block-separator has-text-color has-alpha-channel-opacity has-background is-style-wide\" style=\"background-color:#e62160;color:#e62160\"\/>\n\n\n\n<div class=\"wp-block-columns is-layout-flex wp-container-core-columns-is-layout-1a2ddb66 wp-block-columns-is-layout-flex\" style=\"padding-right:var(--wp--preset--spacing--30);padding-left:var(--wp--preset--spacing--30)\">\n<div class=\"wp-block-column is-layout-flow wp-block-column-is-layout-flow\">\n<p class=\"has-text-align-center\">Una vez conformado el equipo por un estudiante y un tutor, se deben seguir los siguientes pasos.<\/p>\n\n\n\n<p class=\"has-text-align-center has-text-color has-link-color wp-elements-fa166b23caf48c5192fc4c5a07c27675\" style=\"color:#e62160\"><strong>1er PASO:<\/strong><\/p>\n\n\n\n<ul class=\"wp-block-list\">\n<li>Descargar e imprimir la Carta de Convenio y Aceptaci\u00f3n, haciendo clic en el siguiente icono.<\/li>\n<\/ul>\n\n\n\n<figure class=\"wp-block-image aligncenter size-full is-resized wp-duotone-unset-4\"><a href=\"https:\/\/first-bolivia.agetic.gob.bo\/wp-content\/uploads\/2025\/02\/Inventores-Convenio-y-Carta-de-Aceptacion-Departamental-2025.docx.pdf\"><img loading=\"lazy\" decoding=\"async\" width=\"512\" height=\"512\" src=\"https:\/\/first-bolivia.agetic.gob.bo\/wp-content\/uploads\/2025\/02\/document.png\" alt=\"\" class=\"wp-image-1511\" style=\"width:50px\" srcset=\"https:\/\/first-bolivia.agetic.gob.bo\/wp-content\/uploads\/2025\/02\/document.png 512w, https:\/\/first-bolivia.agetic.gob.bo\/wp-content\/uploads\/2025\/02\/document-300x300.png 300w\" sizes=\"auto, (max-width: 512px) 100vw, 512px\" \/><\/a><\/figure>\n\n\n\n<ul class=\"wp-block-list\">\n<li>Llenar la Carta de Convenio y Aceptaci\u00f3n con los datos de las personas correspondientes.<\/li>\n\n\n\n<li>Escanear la Carta de Convenio y Aceptaci\u00f3n en formato PDF una vez llenado el documento (se recomienda usar la app CamScanner).<\/li>\n<\/ul>\n\n\n\n<hr class=\"wp-block-separator has-text-color has-alpha-channel-opacity has-background is-style-wide\" style=\"background-color:#eb1e3f;color:#eb1e3f\"\/>\n<\/div>\n<\/div>\n\n\n\n<div class=\"wp-block-columns is-layout-flex wp-container-core-columns-is-layout-cb4e2d10 wp-block-columns-is-layout-flex\" style=\"padding-right:var(--wp--preset--spacing--30);padding-left:var(--wp--preset--spacing--30)\">\n<div class=\"wp-block-column is-layout-flow wp-block-column-is-layout-flow\" style=\"padding-top:0;padding-bottom:0\">\n<p class=\"has-text-align-center has-text-color has-link-color wp-elements-1129e2ae328d414c55a94e4c7ff0f47d\" style=\"color:#e62160\"><strong>2do PASO:<\/strong><\/p>\n\n\n\n<ul class=\"wp-block-list\">\n<li>Descargar e imprimir la Carta de Acreditaci\u00f3n, haciendo clic en el siguiente icono:<\/li>\n<\/ul>\n\n\n\n<figure class=\"wp-block-image aligncenter size-full is-resized wp-duotone-unset-5\"><a href=\"https:\/\/first-bolivia.agetic.gob.bo\/wp-content\/uploads\/2025\/02\/CARTA-DIRECTOR-COLEGIO-8vo-TORNEO.docx.pdf\"><img loading=\"lazy\" decoding=\"async\" width=\"512\" height=\"512\" src=\"https:\/\/first-bolivia.agetic.gob.bo\/wp-content\/uploads\/2025\/02\/document.png\" alt=\"\" class=\"wp-image-1511\" style=\"width:50px\" srcset=\"https:\/\/first-bolivia.agetic.gob.bo\/wp-content\/uploads\/2025\/02\/document.png 512w, https:\/\/first-bolivia.agetic.gob.bo\/wp-content\/uploads\/2025\/02\/document-300x300.png 300w\" sizes=\"auto, (max-width: 512px) 100vw, 512px\" \/><\/a><\/figure>\n\n\n\n<ul style=\"margin-bottom:3rem\" class=\"wp-block-list\">\n<li>El estudiante debe hacer llenar la carta de acreditaci\u00f3n por parte del director de la unidad educativa a la que pertenece.<\/li>\n\n\n\n<li>Escanear la Carta de Acreditaci\u00f3n en formato PDF una vez llenado el documento (se recomienda usar la app CamScanner).<\/li>\n<\/ul>\n\n\n\n<hr class=\"wp-block-separator has-text-color has-alpha-channel-opacity has-background is-style-wide\" style=\"margin-top:0;margin-bottom:0;background-color:#eb1e3f;color:#eb1e3f\"\/>\n<\/div>\n<\/div>\n\n\n\n<div class=\"wp-block-columns is-layout-flex wp-container-core-columns-is-layout-1a2ddb66 wp-block-columns-is-layout-flex\" style=\"padding-right:var(--wp--preset--spacing--30);padding-left:var(--wp--preset--spacing--30)\">\n<div class=\"wp-block-column is-layout-flow wp-block-column-is-layout-flow\">\n<div class=\"wp-block-columns is-layout-flex wp-container-core-columns-is-layout-28f84493 wp-block-columns-is-layout-flex\">\n<div class=\"wp-block-column is-layout-flow wp-block-column-is-layout-flow\" style=\"flex-basis:100%\">\n<p class=\"has-text-align-center has-text-color has-link-color wp-elements-2de39df65a228b631248e915676a884c\" style=\"color:#e62160\"><strong>3er PASO:<\/strong><\/p>\n<\/div>\n<\/div>\n\n\n\n<ul class=\"wp-block-list\">\n<li>Llenar el formulario de inscripci\u00f3n, en este formulario se deben subir los documentos escaneados (1 Carta de Convenio-Aceptaci\u00f3n y 1 Carta de Acreditaci\u00f3n).<\/li>\n\n\n\n<li>La carta de acreditaci\u00f3n se puede presentar tambi\u00e9n hasta el d\u00eda del reto en el departamento correspondiente <\/li>\n<\/ul>\n\n\n\n<div class=\"wp-block-buttons alignwide is-content-justification-center is-layout-flex wp-container-core-buttons-is-layout-a89b3969 wp-block-buttons-is-layout-flex\">\n<div class=\"wp-block-button is-style-outline is-style-outline--6\"><a class=\"wp-block-button__link has-black-color has-ast-global-color-5-background-color has-text-color has-background has-link-color wp-element-button\" href=\"https:\/\/formix.bo\/form\/inscripciones-inventores\" style=\"border-width:5px;border-radius:0px\">IR AL FORMULARIO<\/a><\/div>\n<\/div>\n<\/div>\n<\/div>\n<\/div>\n<\/div>\n\n\n\n<p><\/p>\n","protected":false},"excerpt":{"rendered":"<p>Inscripci\u00f3n para Tecn\u00f3logos Disruptivos Una vez conformado el equipo por tres estudiantes (m\u00ednimamente una mujer) y un tutor, se deben [&hellip;]<\/p>\n","protected":false},"author":1,"featured_media":0,"parent":0,"menu_order":0,"comment_status":"closed","ping_status":"closed","template":"","meta":{"_uag_custom_page_level_css":"","site-sidebar-layout":"default","site-content-layout":"","ast-site-content-layout":"","site-content-style":"default","site-sidebar-style":"default","ast-global-header-display":"","ast-banner-title-visibility":"","ast-main-header-display":"","ast-hfb-above-header-display":"","ast-hfb-below-header-display":"","ast-hfb-mobile-header-display":"","site-post-title":"disabled","ast-breadcrumbs-content":"","ast-featured-img":"","footer-sml-layout":"","theme-transparent-header-meta":"","adv-header-id-meta":"","stick-header-meta":"","header-above-stick-meta":"","header-main-stick-meta":"","header-below-stick-meta":"","astra-migrate-meta-layouts":"default","ast-page-background-enabled":"default","ast-page-background-meta":{"desktop":{"background-color":"var(--ast-global-color-4)","background-image":"","background-repeat":"repeat","background-position":"center center","background-size":"auto","background-attachment":"scroll","background-type":"","background-media":"","overlay-type":"","overlay-color":"","overlay-gradient":""},"tablet":{"background-color":"","background-image":"","background-repeat":"repeat","background-position":"center center","background-size":"auto","background-attachment":"scroll","background-type":"","background-media":"","overlay-type":"","overlay-color":"","overlay-gradient":""},"mobile":{"background-color":"","background-image":"","background-repeat":"repeat","background-position":"center center","background-size":"auto","background-attachment":"scroll","background-type":"","background-media":"","overlay-type":"","overlay-color":"","overlay-gradient":""}},"ast-content-background-meta":{"desktop":{"background-color":"var(--ast-global-color-5)","background-image":"","background-repeat":"repeat","background-position":"center center","background-size":"auto","background-attachment":"scroll","background-type":"","background-media":"","overlay-type":"","overlay-color":"","overlay-gradient":""},"tablet":{"background-color":"var(--ast-global-color-5)","background-image":"","background-repeat":"repeat","background-position":"center center","background-size":"auto","background-attachment":"scroll","background-type":"","background-media":"","overlay-type":"","overlay-color":"","overlay-gradient":""},"mobile":{"background-color":"var(--ast-global-color-5)","background-image":"","background-repeat":"repeat","background-position":"center center","background-size":"auto","background-attachment":"scroll","background-type":"","background-media":"","overlay-type":"","overlay-color":"","overlay-gradient":""}},"footnotes":""},"class_list":["post-36","page","type-page","status-publish","hentry"],"uagb_featured_image_src":{"full":false,"thumbnail":false,"medium":false,"medium_large":false,"large":false,"1536x1536":false,"2048x2048":false},"uagb_author_info":{"display_name":"cesar.huanca","author_link":"https:\/\/first-bolivia.agetic.gob.bo\/index.php\/author\/cesar-huanca\/"},"uagb_comment_info":0,"uagb_excerpt":"Inscripci\u00f3n para Tecn\u00f3logos Disruptivos Una vez conformado el equipo por tres estudiantes (m\u00ednimamente una mujer) y un tutor, se deben [&hellip;]","_links":{"self":[{"href":"https:\/\/first-bolivia.agetic.gob.bo\/index.php\/wp-json\/wp\/v2\/pages\/36","targetHints":{"allow":["GET"]}}],"collection":[{"href":"https:\/\/first-bolivia.agetic.gob.bo\/index.php\/wp-json\/wp\/v2\/pages"}],"about":[{"href":"https:\/\/first-bolivia.agetic.gob.bo\/index.php\/wp-json\/wp\/v2\/types\/page"}],"author":[{"embeddable":true,"href":"https:\/\/first-bolivia.agetic.gob.bo\/index.php\/wp-json\/wp\/v2\/users\/1"}],"replies":[{"embeddable":true,"href":"https:\/\/first-bolivia.agetic.gob.bo\/index.php\/wp-json\/wp\/v2\/comments?post=36"}],"version-history":[{"count":150,"href":"https:\/\/first-bolivia.agetic.gob.bo\/index.php\/wp-json\/wp\/v2\/pages\/36\/revisions"}],"predecessor-version":[{"id":1602,"href":"https:\/\/first-bolivia.agetic.gob.bo\/index.php\/wp-json\/wp\/v2\/pages\/36\/revisions\/1602"}],"wp:attachment":[{"href":"https:\/\/first-bolivia.agetic.gob.bo\/index.php\/wp-json\/wp\/v2\/media?parent=36"}],"curies":[{"name":"wp","href":"https:\/\/api.w.org\/{rel}","templated":true}]}}