{"id":20,"date":"2024-04-02T12:01:50","date_gmt":"2024-04-02T16:01:50","guid":{"rendered":"https:\/\/first-bolivia.agetic.gob.bo\/?page_id=20"},"modified":"2025-02-24T13:33:22","modified_gmt":"2025-02-24T17:33:22","slug":"convocatoria","status":"publish","type":"page","link":"https:\/\/first-bolivia.agetic.gob.bo\/index.php\/convocatoria\/","title":{"rendered":"CONVOCATORIA"},"content":{"rendered":"\n<div class=\"wp-block-uagb-container uagb-block-a07850ed alignfull uagb-is-root-container\"><div class=\"uagb-container-inner-blocks-wrap\">\n<figure class=\"wp-block-image aligncenter size-large\"><img loading=\"lazy\" decoding=\"async\" width=\"1024\" height=\"340\" src=\"https:\/\/first-bolivia.agetic.gob.bo\/wp-content\/uploads\/2025\/02\/1233-2-1024x340.png\" alt=\"\" class=\"wp-image-1573\" srcset=\"https:\/\/first-bolivia.agetic.gob.bo\/wp-content\/uploads\/2025\/02\/1233-2-1024x340.png 1024w, https:\/\/first-bolivia.agetic.gob.bo\/wp-content\/uploads\/2025\/02\/1233-2-600x199.png 600w, https:\/\/first-bolivia.agetic.gob.bo\/wp-content\/uploads\/2025\/02\/1233-2-768x255.png 768w, https:\/\/first-bolivia.agetic.gob.bo\/wp-content\/uploads\/2025\/02\/1233-2.png 1233w\" sizes=\"auto, (max-width: 1024px) 100vw, 1024px\" \/><\/figure>\n<\/div><\/div>\n\n\n\n<h3 class=\"wp-block-heading has-text-align-center\">\u00a1Conoce m\u00e1s de la convocatoria, categor\u00edas y los retos departamentales para este a\u00f1o!<\/h3>\n\n\n\n<div class=\"wp-block-columns is-layout-flex wp-container-core-columns-is-layout-28f84493 wp-block-columns-is-layout-flex\">\n<div class=\"wp-block-column is-layout-flow wp-block-column-is-layout-flow\">\n<div class=\"wp-block-uagb-inline-notice uagb-inline_notice__align-center uagb-block-d8526daa\"><button class=\"uagb-notice-close-button\" type=\"button\" aria-label=\"Close\"><\/button><h4 class=\"uagb-notice-title\">CONVOCATORIA<\/h4><div class=\"uagb-notice-text\">\n<p class=\"has-text-align-center\">El objetivo de esta convocatoria es ofrecer un entorno inclusivo y equitativo donde los j\u00f3venes de Bolivia tengan la oportunidad de desarrollar experiencia en tecnolog\u00eda y habilidades de colaboraci\u00f3n, mediante su participaci\u00f3n en los retos departamentales de rob\u00f3tica, organizado bajo principios de democracia y transparencia.<\/p>\n<\/div><\/div>\n\n\n\n<div class=\"wp-block-buttons is-content-justification-center is-layout-flex wp-container-core-buttons-is-layout-a89b3969 wp-block-buttons-is-layout-flex\">\n<div class=\"wp-block-button is-style-outline is-style-outline--1\"><a class=\"wp-block-button__link has-black-color has-white-background-color has-text-color has-background has-link-color has-text-align-center wp-element-button\" href=\"https:\/\/first-bolivia.agetic.gob.bo\/wp-content\/uploads\/2025\/02\/convocatoria-general.pdf\" style=\"border-width:5px;border-radius:0px\">VER CONVOCATORIA<\/a><\/div>\n<\/div>\n<\/div>\n<\/div>\n\n\n\n<div class=\"wp-block-columns is-layout-flex wp-container-core-columns-is-layout-28f84493 wp-block-columns-is-layout-flex\">\n<div class=\"wp-block-column is-layout-flow wp-block-column-is-layout-flow\">\n<div class=\"wp-block-uagb-image aligncenter uagb-block-dc7b382c wp-block-uagb-image--layout-default wp-block-uagb-image--effect-static wp-block-uagb-image--align-center\"><figure class=\"wp-block-uagb-image__figure\"><img decoding=\"async\" srcset=\"https:\/\/first-bolivia.agetic.gob.bo\/wp-content\/uploads\/2025\/02\/EDUR2502-min-1-1024x808.jpg ,https:\/\/first-bolivia.agetic.gob.bo\/wp-content\/uploads\/2025\/02\/EDUR2502-min-1-scaled.jpg 780w, https:\/\/first-bolivia.agetic.gob.bo\/wp-content\/uploads\/2025\/02\/EDUR2502-min-1-scaled.jpg 360w\" sizes=\"auto, (max-width: 480px) 150px\" src=\"https:\/\/first-bolivia.agetic.gob.bo\/wp-content\/uploads\/2025\/02\/EDUR2502-min-1-1024x808.jpg\" alt=\"\" class=\"uag-image-1434\" width=\"540\" height=\"426\" title=\"EDUR2502-min\" loading=\"lazy\" role=\"img\"\/><\/figure><\/div>\n\n\n\n<p class=\"has-text-align-center\">La categor\u00eda <strong>\u00abTecn\u00f3logos Disruptivos\u00bb <\/strong>pretende visibilizar la capacidad y creatividad de los adolescentes y j\u00f3venes en el marco de la rob\u00f3tica de los diferentes departamentos de Bolivia, en esta categor\u00eda el equipo est\u00e1 conformado por tres estudiantes (m\u00ednimamente una mujer) y un tutor.<\/p>\n\n\n\n<div class=\"wp-block-buttons is-content-justification-center is-layout-flex wp-container-core-buttons-is-layout-72caf8c6 wp-block-buttons-is-layout-flex\">\n<div class=\"wp-block-button is-style-outline is-style-outline--2\"><a class=\"wp-block-button__link has-black-color has-white-background-color has-text-color has-background has-link-color wp-element-button\" href=\"https:\/\/first-bolivia.agetic.gob.bo\/wp-content\/uploads\/2025\/02\/convocatoria-RETO-TECNOLOGOS.pdf\" style=\"border-width:5px;border-radius:0px\">RETO TECN\u00d3LOGOS DISRUPTIVOS<\/a><\/div>\n<\/div>\n<\/div>\n\n\n\n<div class=\"wp-block-column is-layout-flow wp-block-column-is-layout-flow\">\n<div class=\"wp-block-uagb-image uagb-block-6cbaf7e8 wp-block-uagb-image--layout-default wp-block-uagb-image--effect-static wp-block-uagb-image--align-none\"><figure class=\"wp-block-uagb-image__figure\"><img decoding=\"async\" srcset=\"https:\/\/first-bolivia.agetic.gob.bo\/wp-content\/uploads\/2025\/02\/Captura-de-pantalla-de-2025-02-12-14-16-18.png ,https:\/\/first-bolivia.agetic.gob.bo\/wp-content\/uploads\/2025\/02\/Captura-de-pantalla-de-2025-02-12-14-16-18.png 780w, https:\/\/first-bolivia.agetic.gob.bo\/wp-content\/uploads\/2025\/02\/Captura-de-pantalla-de-2025-02-12-14-16-18.png 360w\" sizes=\"auto, (max-width: 480px) 150px\" src=\"https:\/\/first-bolivia.agetic.gob.bo\/wp-content\/uploads\/2025\/02\/Captura-de-pantalla-de-2025-02-12-14-16-18.png\" alt=\"\" class=\"uag-image-1433\" width=\"500\" height=\"426\" title=\"Captura de pantalla de 2025-02-12 14-16-18\" loading=\"lazy\" role=\"img\"\/><\/figure><\/div>\n\n\n\n<p class=\"has-text-align-center\">La categor\u00eda <strong>\u00abInventores Disruptivos<\/strong>\u00bb busca destacar la inventiva de los j\u00f3venes y adolescentes, presentando un proyecto relacionado con rob\u00f3tica de los diferentes municipios de Bolivia con una densidad poblacional menor a los 40,000 habitantes, en esta categor\u00eda se considera un participante y su tutor.<\/p>\n\n\n\n<div class=\"wp-block-buttons is-content-justification-center is-layout-flex wp-container-core-buttons-is-layout-a89b3969 wp-block-buttons-is-layout-flex\">\n<div class=\"wp-block-button is-style-outline is-style-outline--3\"><a class=\"wp-block-button__link has-black-color has-white-background-color has-text-color has-background has-link-color wp-element-button\" href=\"https:\/\/first-bolivia.agetic.gob.bo\/wp-content\/uploads\/2025\/02\/convocatoria-RETO-INVENTORES-1.pdf\" style=\"border-width:5px;border-radius:0px\">RETO INVENTORES DISRUPTIVOS<\/a><\/div>\n<\/div>\n<\/div>\n<\/div>\n\n\n\n<div style=\"height:60px\" aria-hidden=\"true\" class=\"wp-block-spacer\"><\/div>\n\n\n\n<p><\/p>\n","protected":false},"excerpt":{"rendered":"<p>\u00a1Conoce m\u00e1s de la convocatoria, categor\u00edas y los retos departamentales para este a\u00f1o! La categor\u00eda \u00abTecn\u00f3logos Disruptivos\u00bb pretende visibilizar la [&hellip;]<\/p>\n","protected":false},"author":1,"featured_media":0,"parent":0,"menu_order":0,"comment_status":"closed","ping_status":"closed","template":"","meta":{"_uag_custom_page_level_css":"","site-sidebar-layout":"default","site-content-layout":"","ast-site-content-layout":"","site-content-style":"default","site-sidebar-style":"default","ast-global-header-display":"","ast-banner-title-visibility":"","ast-main-header-display":"","ast-hfb-above-header-display":"","ast-hfb-below-header-display":"","ast-hfb-mobile-header-display":"","site-post-title":"disabled","ast-breadcrumbs-content":"","ast-featured-img":"","footer-sml-layout":"","theme-transparent-header-meta":"","adv-header-id-meta":"","stick-header-meta":"","header-above-stick-meta":"","header-main-stick-meta":"","header-below-stick-meta":"","astra-migrate-meta-layouts":"default","ast-page-background-enabled":"default","ast-page-background-meta":{"desktop":{"background-color":"var(--ast-global-color-4)","background-image":"","background-repeat":"repeat","background-position":"center center","background-size":"auto","background-attachment":"scroll","background-type":"","background-media":"","overlay-type":"","overlay-color":"","overlay-gradient":""},"tablet":{"background-color":"","background-image":"","background-repeat":"repeat","background-position":"center center","background-size":"auto","background-attachment":"scroll","background-type":"","background-media":"","overlay-type":"","overlay-color":"","overlay-gradient":""},"mobile":{"background-color":"","background-image":"","background-repeat":"repeat","background-position":"center center","background-size":"auto","background-attachment":"scroll","background-type":"","background-media":"","overlay-type":"","overlay-color":"","overlay-gradient":""}},"ast-content-background-meta":{"desktop":{"background-color":"var(--ast-global-color-5)","background-image":"","background-repeat":"repeat","background-position":"center center","background-size":"auto","background-attachment":"scroll","background-type":"","background-media":"","overlay-type":"","overlay-color":"","overlay-gradient":""},"tablet":{"background-color":"var(--ast-global-color-5)","background-image":"","background-repeat":"repeat","background-position":"center center","background-size":"auto","background-attachment":"scroll","background-type":"","background-media":"","overlay-type":"","overlay-color":"","overlay-gradient":""},"mobile":{"background-color":"var(--ast-global-color-5)","background-image":"","background-repeat":"repeat","background-position":"center center","background-size":"auto","background-attachment":"scroll","background-type":"","background-media":"","overlay-type":"","overlay-color":"","overlay-gradient":""}},"footnotes":""},"class_list":["post-20","page","type-page","status-publish","hentry"],"uagb_featured_image_src":{"full":false,"thumbnail":false,"medium":false,"medium_large":false,"large":false,"1536x1536":false,"2048x2048":false},"uagb_author_info":{"display_name":"cesar.huanca","author_link":"https:\/\/first-bolivia.agetic.gob.bo\/index.php\/author\/cesar-huanca\/"},"uagb_comment_info":0,"uagb_excerpt":"\u00a1Conoce m\u00e1s de la convocatoria, categor\u00edas y los retos departamentales para este a\u00f1o! La categor\u00eda \u00abTecn\u00f3logos Disruptivos\u00bb pretende visibilizar la [&hellip;]","_links":{"self":[{"href":"https:\/\/first-bolivia.agetic.gob.bo\/index.php\/wp-json\/wp\/v2\/pages\/20","targetHints":{"allow":["GET"]}}],"collection":[{"href":"https:\/\/first-bolivia.agetic.gob.bo\/index.php\/wp-json\/wp\/v2\/pages"}],"about":[{"href":"https:\/\/first-bolivia.agetic.gob.bo\/index.php\/wp-json\/wp\/v2\/types\/page"}],"author":[{"embeddable":true,"href":"https:\/\/first-bolivia.agetic.gob.bo\/index.php\/wp-json\/wp\/v2\/users\/1"}],"replies":[{"embeddable":true,"href":"https:\/\/first-bolivia.agetic.gob.bo\/index.php\/wp-json\/wp\/v2\/comments?post=20"}],"version-history":[{"count":107,"href":"https:\/\/first-bolivia.agetic.gob.bo\/index.php\/wp-json\/wp\/v2\/pages\/20\/revisions"}],"predecessor-version":[{"id":1636,"href":"https:\/\/first-bolivia.agetic.gob.bo\/index.php\/wp-json\/wp\/v2\/pages\/20\/revisions\/1636"}],"wp:attachment":[{"href":"https:\/\/first-bolivia.agetic.gob.bo\/index.php\/wp-json\/wp\/v2\/media?parent=20"}],"curies":[{"name":"wp","href":"https:\/\/api.w.org\/{rel}","templated":true}]}}